{"id":1110,"date":"2024-10-28T08:14:46","date_gmt":"2024-10-28T08:14:46","guid":{"rendered":"https:\/\/arequipment.com\/domicile\/"},"modified":"2025-07-22T11:37:21","modified_gmt":"2025-07-22T10:37:21","slug":"domicile","status":"publish","type":"page","link":"https:\/\/arequipment.com\/fr\/","title":{"rendered":"Domicile"},"content":{"rendered":"<section class=\"hero align wp-block-hero\">\n    <div class=\"hero-slider\">\n      <div class=\"swiper-wrapper hero-slider__wrapper\">\n                                            <a href=\"http:\/\/arequipment.com\/products\/sistema-cam\/\" class=\"swiper-slide hero-slider__slide\" style=\"--slide-image: url(https:\/\/arequipment.com\/app\/uploads\/2024\/10\/5-13.jpg)\">\n                <div class=\"slide-content\">\n                  <div class=\"container\">\n                    <div class=\"slide-content__wrapper\">\n                      \n                    <\/div>\n                  <\/div>\n                <\/div>\n                              <\/a>\n                                                                  <a href=\"http:\/\/arequipment.com\/products\/a200\/\" class=\"swiper-slide hero-slider__slide\" style=\"--slide-image: url(https:\/\/arequipment.com\/app\/uploads\/2024\/10\/4-20.jpg)\">\n                <div class=\"slide-content\">\n                  <div class=\"container\">\n                    <div class=\"slide-content__wrapper\">\n                      \n                    <\/div>\n                  <\/div>\n                <\/div>\n                              <\/a>\n                                                                  <div class=\"swiper-slide hero-slider__slide\" style=\"--slide-image: url(https:\/\/arequipment.com\/app\/uploads\/2024\/10\/3-22.jpg)\">\n                <div class=\"slide-content\">\n                  <div class=\"container\">\n                    <div class=\"slide-content__wrapper\">\n                                          <\/div>\n                  <\/div>\n                <\/div>\n                              <\/div>\n                                                                  <a href=\"http:\/\/arequipment.com\/products\/m764\/\" class=\"swiper-slide hero-slider__slide\" style=\"--slide-image: url(https:\/\/arequipment.com\/app\/uploads\/2024\/10\/2-22.jpg)\">\n                <div class=\"slide-content\">\n                  <div class=\"container\">\n                    <div class=\"slide-content__wrapper\">\n                      \n                    <\/div>\n                  <\/div>\n                <\/div>\n                              <\/a>\n                                                                  <a href=\"http:\/\/arequipment.com\/products\/a200\/\" class=\"swiper-slide hero-slider__slide\" style=\"--slide-image: url(https:\/\/arequipment.com\/app\/uploads\/2024\/10\/1-26.jpg)\">\n                <div class=\"slide-content\">\n                  <div class=\"container\">\n                    <div class=\"slide-content__wrapper\">\n                      \n                    <\/div>\n                  <\/div>\n                <\/div>\n                              <\/a>\n                                    <\/div>\n      <div class=\"buttons-wrapper\">\n        <div class=\"container relative\">\n          <div class=\"buttons-container\">\n            <div class=\"swiper-button-next hero-slider__btn next\">\n              <svg width=\"16\" height=\"16\" viewBox=\"0 0 16 16\" fill=\"none\" xmlns=\"http:\/\/www.w3.org\/2000\/svg\">\n<path d=\"M3 6L7.64645 10.6464C7.84171 10.8417 8.15829 10.8417 8.35355 10.6464L13 6\" stroke=\"#2E2E2E\" stroke-width=\"2\" stroke-linecap=\"round\"\/>\n<\/svg>            <\/div>\n            <div class=\"swiper-button-prev hero-slider__btn prev\">\n              <svg width=\"16\" height=\"16\" viewBox=\"0 0 16 16\" fill=\"none\" xmlns=\"http:\/\/www.w3.org\/2000\/svg\">\n<path d=\"M3 6L7.64645 10.6464C7.84171 10.8417 8.15829 10.8417 8.35355 10.6464L13 6\" stroke=\"#2E2E2E\" stroke-width=\"2\" stroke-linecap=\"round\"\/>\n<\/svg>            <\/div>\n          <\/div>\n        <\/div>\n      <\/div>\n    <\/div>\n  <\/section>\n\n\n<section class=\"product-categories-wrapper wp-block-product-categories\">\n\t<div class=\"container\">\n\t\t<div class=\"tsb\">\n\t\t\t<h3 class=\"title\"><\/h3>\n\t\t\t\t<p class=\"subtitle\"><\/p>\n\t\t\t\t\t<\/div>\n\t\t\t\t\t<div class=\"categories\">\n\t\t\t\t\t\t\t\t\t\t\t\t\t\t\t\t\t\t\t\t\t\t\t\t\t\t\t\t\t\t<div class=\"card\" style=\"background-image: url(https:\/\/arequipment.com\/app\/uploads\/2024\/10\/card-image.jpg)\">\n\t\t\t\t\t\t\t\t\t<div class=\"content\">\n\t\t\t\t\t\t\t\t\t\t\t\t\t\t\t\t\t\t\t\t\t<img decoding=\"async\" src=\"https:\/\/arequipment.com\/app\/uploads\/2024\/10\/icon-assistance2@2x.png\" alt=\"\">\n\t\t\t\t\t\t\t\t\t\t\t\t\t\t\t\t\t\t\t\t<div class=\"text\">\n\t\t\t\t\t\t\t\t\t\t\t\t\t\t\t\t\t\t\t\t\t\t\t<p>N\u00f3s transformamos e redesenhamos a pensar em si<\/p>\n\t\t\t\t\t\t\t\t\t\t\t\t\t\t\t\t\t\t\t\t\t<\/div>\n\t\t\t\t\t\t\t\t\t<\/div>\n\t\t\t\t\t\t\t\t<\/div>\n\t\t\t\t\t\t\t\t\t\t\t\t\t\t\t\t\t\t\t\t\t\t\t\t\t\t\t\t\t\t\t\t\t\t\t\t\t\t\t<div class=\"card\" style=\"background-image: url(https:\/\/arequipment.com\/app\/uploads\/2024\/10\/card-image-1.jpg)\">\n\t\t\t\t\t\t\t\t\t<div class=\"content\">\n\t\t\t\t\t\t\t\t\t\t\t\t\t\t\t\t\t\t\t\t\t<img decoding=\"async\" src=\"https:\/\/arequipment.com\/app\/uploads\/2024\/10\/icon-reliable@2x.png\" alt=\"\">\n\t\t\t\t\t\t\t\t\t\t\t\t\t\t\t\t\t\t\t\t<div class=\"text\">\n\t\t\t\t\t\t\t\t\t\t\t\t\t\t\t\t\t\t\t\t\t\t\t<p>Todos os produtos s\u00e3o testados antes de chegarem a si<\/p>\n\t\t\t\t\t\t\t\t\t\t\t\t\t\t\t\t\t\t\t\t\t<\/div>\n\t\t\t\t\t\t\t\t\t<\/div>\n\t\t\t\t\t\t\t\t<\/div>\n\t\t\t\t\t\t\t\t\t\t\t\t\t\t\t\t\t\t\t\t\t\t\t\t\t\t\t\t\t\t\t\t\t\t\t\t\t\t\t<div class=\"card\" style=\"background-image: url(https:\/\/arequipment.com\/app\/uploads\/2024\/10\/34d24.jpg)\">\n\t\t\t\t\t\t\t\t\t<div class=\"content\">\n\t\t\t\t\t\t\t\t\t\t\t\t\t\t\t\t\t\t\t\t\t<img decoding=\"async\" src=\"https:\/\/arequipment.com\/app\/uploads\/2024\/10\/icon-electric2@2x.png\" alt=\"\">\n\t\t\t\t\t\t\t\t\t\t\t\t\t\t\t\t\t\t\t\t<div class=\"text\">\n\t\t\t\t\t\t\t\t\t\t\t\t\t\t\t\t\t\t\t\t\t\t\t<p>Porque a vida \u00e9 muito curta para uma maca manual<\/p>\n\t\t\t\t\t\t\t\t\t\t\t\t\t\t\t\t\t\t\t\t\t<\/div>\n\t\t\t\t\t\t\t\t\t<\/div>\n\t\t\t\t\t\t\t\t<\/div>\n\t\t\t\t\t\t\t\t\t\t\t\t\t\t\t\t\t\t\t\t\t\t\t\t\t\t\n\t\t\t<\/div>\n\t\t\t<\/div>\n<\/section>\n\n\n<section class=\"featured-products-block align wp-block-featured-products\">\n\t<div class=\"container\">\n    <div class=\"wrapper\">\n      <div class=\"tsb\">\n\t\t\t<h3 class=\"title\">Descubra o nosso portf\u00f3lio<\/h3>\n\t\t\t\t<p class=\"subtitle\">Desde cadeiras remov\u00edveis a acess\u00f3rios, veja tudo o que temos para oferecer.<\/p>\n\t\t\t\t\t<\/div>\n              <div class=\"products__grid\">\n                                <a class=\"card-wrapper\" data-aos=\"slide-up\" data-aos-delay=\"0\" href=\"https:\/\/arequipment.com\/fr\/products\/almofada-para-colchao\/\">\n\t\t\t<div class=\"card-image\">\n\t\t\t<div class=\"categories\">\n\t\t\t\t\t\t<\/div>\n\t\t<img decoding=\"async\" src=\"https:\/\/arequipment.com\/app\/uploads\/2024\/10\/almofada-maca-ambulancia-3-768x531-1.jpg\" alt=\"Almofada para Colch\u00e3o\">\n\t<\/div>\n<div class=\"card-content\">\n\t<div>\n\n\t\t\t\t\t<h3 class=\"title\">Almofada para Colch\u00e3o<\/h3>\n\t\t\t\t\t<\/div>\n<\/div>\n<\/a>\n                                  <a class=\"card-wrapper\" data-aos=\"slide-up\" data-aos-delay=\"100\" href=\"https:\/\/arequipment.com\/fr\/products\/gaia\/\">\n\t\t\t<div class=\"card-image\">\n\t\t\t<div class=\"categories\">\n\t\t\t\t\t\t<\/div>\n\t\t<img decoding=\"async\" src=\"https:\/\/arequipment.com\/app\/uploads\/2024\/10\/gaia-2-AREquipment-768x629-1.jpg\" alt=\"Gaia\">\n\t<\/div>\n<div class=\"card-content\">\n\t<div>\n\n\t\t\t\t\t<h3 class=\"title\">Gaia<\/h3>\n\t\t\t\t\t<\/div>\n<\/div>\n<\/a>\n                                  <a class=\"card-wrapper\" data-aos=\"slide-up\" data-aos-delay=\"200\" href=\"https:\/\/arequipment.com\/fr\/products\/m7\/\">\n\t\t\t<div class=\"card-image\">\n\t\t\t<div class=\"categories\">\n\t\t\t\t\t\t<\/div>\n\t\t<img decoding=\"async\" src=\"https:\/\/arequipment.com\/app\/uploads\/2024\/10\/5-6.jpg\" alt=\"M7\">\n\t<\/div>\n<div class=\"card-content\">\n\t<div>\n\n\t\t\t\t\t<h3 class=\"title\">M7<\/h3>\n\t\t\t\t\t<\/div>\n<\/div>\n<\/a>\n                              <\/div>\n                    <a \n  href=\"http:\/\/arequipment.com\/products\/\" \n  class=\"btn  \"\n  >\n  Ver todos os produtos\n<\/a>          <\/div>\n\t<\/div>\n<\/section>\n","protected":false},"excerpt":{"rendered":"","protected":false},"author":1,"featured_media":0,"parent":0,"menu_order":0,"comment_status":"closed","ping_status":"closed","template":"","meta":{"_acf_changed":false,"footnotes":""},"class_list":["post-1110","page","type-page","status-publish","hentry"],"acf":[],"yoast_head":"<!-- This site is optimized with the Yoast SEO plugin v25.5 - https:\/\/yoast.com\/wordpress\/plugins\/seo\/ -->\n<title>Domicile - AREquipment<\/title>\n<meta name=\"description\" content=\"\u00c9quipement m\u00e9dical d&#039;urgence pr\u00e9hospitalier\" \/>\n<meta name=\"robots\" content=\"index, follow, max-snippet:-1, max-image-preview:large, max-video-preview:-1\" \/>\n<link rel=\"canonical\" href=\"https:\/\/arequipment.com\/fr\/domicile\/\" \/>\n<meta property=\"og:locale\" content=\"fr_FR\" \/>\n<meta property=\"og:type\" content=\"article\" \/>\n<meta property=\"og:title\" content=\"Domicile - AREquipment\" \/>\n<meta property=\"og:description\" content=\"\u00c9quipement m\u00e9dical d&#039;urgence pr\u00e9hospitalier\" \/>\n<meta property=\"og:url\" content=\"https:\/\/arequipment.com\/fr\/domicile\/\" \/>\n<meta property=\"og:site_name\" content=\"AREquipment\" \/>\n<meta property=\"article:modified_time\" content=\"2025-07-22T10:37:21+00:00\" \/>\n<meta name=\"twitter:card\" content=\"summary_large_image\" \/>\n<script type=\"application\/ld+json\" class=\"yoast-schema-graph\">{\"@context\":\"https:\/\/schema.org\",\"@graph\":[{\"@type\":\"WebPage\",\"@id\":\"https:\/\/arequipment.com\/fr\/domicile\/\",\"url\":\"https:\/\/arequipment.com\/fr\/domicile\/\",\"name\":\"Domicile - AREquipment\",\"isPartOf\":{\"@id\":\"https:\/\/arequipment.com\/#website\"},\"datePublished\":\"2024-10-28T08:14:46+00:00\",\"dateModified\":\"2025-07-22T10:37:21+00:00\",\"description\":\"\u00c9quipement m\u00e9dical d'urgence pr\u00e9hospitalier\",\"breadcrumb\":{\"@id\":\"https:\/\/arequipment.com\/fr\/domicile\/#breadcrumb\"},\"inLanguage\":\"fr-FR\",\"potentialAction\":[{\"@type\":\"ReadAction\",\"target\":[\"https:\/\/arequipment.com\/fr\/domicile\/\"]}]},{\"@type\":\"BreadcrumbList\",\"@id\":\"https:\/\/arequipment.com\/fr\/domicile\/#breadcrumb\",\"itemListElement\":[{\"@type\":\"ListItem\",\"position\":1,\"name\":\"Home\",\"item\":\"https:\/\/arequipment.com\/fr\/domicile\/\"},{\"@type\":\"ListItem\",\"position\":2,\"name\":\"Domicile\"}]},{\"@type\":\"WebSite\",\"@id\":\"https:\/\/arequipment.com\/#website\",\"url\":\"https:\/\/arequipment.com\/\",\"name\":\"AREquipment\",\"description\":\"\",\"potentialAction\":[{\"@type\":\"SearchAction\",\"target\":{\"@type\":\"EntryPoint\",\"urlTemplate\":\"https:\/\/arequipment.com\/?s={search_term_string}\"},\"query-input\":{\"@type\":\"PropertyValueSpecification\",\"valueRequired\":true,\"valueName\":\"search_term_string\"}}],\"inLanguage\":\"fr-FR\"}]}<\/script>\n<!-- \/ Yoast SEO plugin. -->","yoast_head_json":{"title":"Domicile - AREquipment","description":"\u00c9quipement m\u00e9dical d'urgence pr\u00e9hospitalier","robots":{"index":"index","follow":"follow","max-snippet":"max-snippet:-1","max-image-preview":"max-image-preview:large","max-video-preview":"max-video-preview:-1"},"canonical":"https:\/\/arequipment.com\/fr\/domicile\/","og_locale":"fr_FR","og_type":"article","og_title":"Domicile - AREquipment","og_description":"\u00c9quipement m\u00e9dical d'urgence pr\u00e9hospitalier","og_url":"https:\/\/arequipment.com\/fr\/domicile\/","og_site_name":"AREquipment","article_modified_time":"2025-07-22T10:37:21+00:00","twitter_card":"summary_large_image","schema":{"@context":"https:\/\/schema.org","@graph":[{"@type":"WebPage","@id":"https:\/\/arequipment.com\/fr\/domicile\/","url":"https:\/\/arequipment.com\/fr\/domicile\/","name":"Domicile - AREquipment","isPartOf":{"@id":"https:\/\/arequipment.com\/#website"},"datePublished":"2024-10-28T08:14:46+00:00","dateModified":"2025-07-22T10:37:21+00:00","description":"\u00c9quipement m\u00e9dical d'urgence pr\u00e9hospitalier","breadcrumb":{"@id":"https:\/\/arequipment.com\/fr\/domicile\/#breadcrumb"},"inLanguage":"fr-FR","potentialAction":[{"@type":"ReadAction","target":["https:\/\/arequipment.com\/fr\/domicile\/"]}]},{"@type":"BreadcrumbList","@id":"https:\/\/arequipment.com\/fr\/domicile\/#breadcrumb","itemListElement":[{"@type":"ListItem","position":1,"name":"Home","item":"https:\/\/arequipment.com\/fr\/domicile\/"},{"@type":"ListItem","position":2,"name":"Domicile"}]},{"@type":"WebSite","@id":"https:\/\/arequipment.com\/#website","url":"https:\/\/arequipment.com\/","name":"AREquipment","description":"","potentialAction":[{"@type":"SearchAction","target":{"@type":"EntryPoint","urlTemplate":"https:\/\/arequipment.com\/?s={search_term_string}"},"query-input":{"@type":"PropertyValueSpecification","valueRequired":true,"valueName":"search_term_string"}}],"inLanguage":"fr-FR"}]}},"_links":{"self":[{"href":"https:\/\/arequipment.com\/fr\/wp-json\/wp\/v2\/pages\/1110","targetHints":{"allow":["GET"]}}],"collection":[{"href":"https:\/\/arequipment.com\/fr\/wp-json\/wp\/v2\/pages"}],"about":[{"href":"https:\/\/arequipment.com\/fr\/wp-json\/wp\/v2\/types\/page"}],"author":[{"embeddable":true,"href":"https:\/\/arequipment.com\/fr\/wp-json\/wp\/v2\/users\/1"}],"replies":[{"embeddable":true,"href":"https:\/\/arequipment.com\/fr\/wp-json\/wp\/v2\/comments?post=1110"}],"version-history":[{"count":2,"href":"https:\/\/arequipment.com\/fr\/wp-json\/wp\/v2\/pages\/1110\/revisions"}],"predecessor-version":[{"id":1233,"href":"https:\/\/arequipment.com\/fr\/wp-json\/wp\/v2\/pages\/1110\/revisions\/1233"}],"wp:attachment":[{"href":"https:\/\/arequipment.com\/fr\/wp-json\/wp\/v2\/media?parent=1110"}],"curies":[{"name":"wp","href":"https:\/\/api.w.org\/{rel}","templated":true}]}}