{"id":1122,"date":"2024-10-28T08:35:00","date_gmt":"2024-10-28T08:35:00","guid":{"rendered":"https:\/\/arequipment.com\/assistance\/"},"modified":"2025-07-22T11:34:57","modified_gmt":"2025-07-22T10:34:57","slug":"assistance","status":"publish","type":"page","link":"https:\/\/arequipment.com\/en\/assistance\/","title":{"rendered":"Assistance"},"content":{"rendered":"<section class=\"hero align wp-block-hero\">\n    <div class=\"hero-slider\">\n      <div class=\"swiper-wrapper hero-slider__wrapper\">\n                                            <div class=\"swiper-slide hero-slider__slide\" style=\"--slide-image: url(https:\/\/arequipment.com\/app\/uploads\/2024\/10\/Unti5tled-1-1.jpg)\">\n                <div class=\"slide-content\">\n                  <div class=\"container\">\n                    <div class=\"slide-content__wrapper\">\n                                              <div class=\"slide-content__heading\">\n                                                      <h2 \n                              class=\"h1 heading__title\"\n                            >\n                              N\u00f3s ajudamos\n                            <\/h2>\n                                                                                                      <\/div>\n                                          <\/div>\n                  <\/div>\n                <\/div>\n                                  <div class=\"container relative\">\n                    <div class=\"slide-text\">\n                      <div class=\"slide-text__wrapper\">\n                        <p class=\"h3\">Est\u00e1 a procura de assist\u00eancia, tem d\u00favidas ou quer saber mais sobre os nossos produtos?\r\nEntre em contacto connosco!<\/p>\n                      <\/div>\n                    <\/div>\n                  <\/div>\n                              <\/div>\n                                    <\/div>\n      <div class=\"buttons-wrapper\">\n        <div class=\"container relative\">\n          <div class=\"buttons-container\">\n            <div class=\"swiper-button-next hero-slider__btn next\">\n              <svg width=\"16\" height=\"16\" viewBox=\"0 0 16 16\" fill=\"none\" xmlns=\"http:\/\/www.w3.org\/2000\/svg\">\n<path d=\"M3 6L7.64645 10.6464C7.84171 10.8417 8.15829 10.8417 8.35355 10.6464L13 6\" stroke=\"#2E2E2E\" stroke-width=\"2\" stroke-linecap=\"round\"\/>\n<\/svg>            <\/div>\n            <div class=\"swiper-button-prev hero-slider__btn prev\">\n              <svg width=\"16\" height=\"16\" viewBox=\"0 0 16 16\" fill=\"none\" xmlns=\"http:\/\/www.w3.org\/2000\/svg\">\n<path d=\"M3 6L7.64645 10.6464C7.84171 10.8417 8.15829 10.8417 8.35355 10.6464L13 6\" stroke=\"#2E2E2E\" stroke-width=\"2\" stroke-linecap=\"round\"\/>\n<\/svg>            <\/div>\n          <\/div>\n        <\/div>\n      <\/div>\n    <\/div>\n  <\/section>\n\n\n<section class=\"text-and-images align wp-block-text-and-images\">\n    <div class=\"container\">\n      <div class=\"text-and-images__wrapper\">\n                  <div class=\"text-and-images__column\">\n            <div class=\"column__content wysiwyg-wrapper\">\n              <h2>Informa\u00e7\u00e3o de contacto AREquipment<\/h2>\n<h4>Contactos Gerais<\/h4>\n<p>&nbsp;<\/p>\n<p><strong>Morada<\/strong><\/p>\n<p>Rua de S. Caetano 459 \/ 519<br \/>\nApartado 526 4411-701<br \/>\nCanelas, Vila Nova de Gaia \u2013 Portugal<\/p>\n<p><iframe loading=\"lazy\" style=\"border: 0;\" src=\"https:\/\/www.google.com\/maps\/embed?pb=!1m18!1m12!1m3!1d382658.9721427734!2d-8.87015050415129!3d41.471255164763946!2m3!1f0!2f0!3f0!3m2!1i1024!2i768!4f13.1!3m3!1m2!1s0xd247b97aa57d4c1%3A0xd3765f451bae7ca9!2sAREquipment!5e0!3m2!1sen!2spt!4v1730106013594!5m2!1sen!2spt\" width=\"600\" height=\"450\" allowfullscreen=\"allowfullscreen\"><\/iframe><\/p>\n<p>&nbsp;<\/p>\n<p><strong>Telefone.<\/strong><a href=\"tel:+351227157100\">+351 227 157 100<\/a><br \/>\n<strong>Fax.<\/strong> +351 227 121 144<br \/>\n<strong>Email. <\/strong><a href=\"mailto:comercial@arequipment.com\">comercial@arequipment.com<\/a><br \/>\n<strong>Instagram. <\/strong><a href=\"https:\/\/www.instagram.com\/arequipment\/\" target=\"_blank\" rel=\"noopener\">https:\/\/www.instagram.com\/arequipment\/<\/a><\/p>\n<p>&nbsp;<\/p>\n<p><a href=\"http:\/\/arequipment.com\/contactos\/\">Entre em contacto<\/a><\/p>\n\n            <\/div>\n          <\/div>\n                      <\/div>\n    <\/div>\n  <\/section>\n","protected":false},"excerpt":{"rendered":"","protected":false},"author":1,"featured_media":0,"parent":0,"menu_order":0,"comment_status":"closed","ping_status":"closed","template":"","meta":{"_acf_changed":false,"footnotes":""},"class_list":["post-1122","page","type-page","status-publish","hentry"],"acf":[],"yoast_head":"<!-- This site is optimized with the Yoast SEO plugin v25.5 - https:\/\/yoast.com\/wordpress\/plugins\/seo\/ -->\n<title>Assistance - AREquipment<\/title>\n<meta name=\"description\" content=\"Are you looking for assistance, have questions or want to know more about our products? Get in touch with us!\" \/>\n<meta name=\"robots\" content=\"index, follow, max-snippet:-1, max-image-preview:large, max-video-preview:-1\" \/>\n<link rel=\"canonical\" href=\"https:\/\/arequipment.com\/en\/assistance\/\" \/>\n<meta property=\"og:locale\" content=\"en_US\" \/>\n<meta property=\"og:type\" content=\"article\" \/>\n<meta property=\"og:title\" content=\"Assistance - AREquipment\" \/>\n<meta property=\"og:description\" content=\"Are you looking for assistance, have questions or want to know more about our products? Get in touch with us!\" \/>\n<meta property=\"og:url\" content=\"https:\/\/arequipment.com\/en\/assistance\/\" \/>\n<meta property=\"og:site_name\" content=\"AREquipment\" \/>\n<meta property=\"article:modified_time\" content=\"2025-07-22T10:34:57+00:00\" \/>\n<meta name=\"twitter:card\" content=\"summary_large_image\" \/>\n<script type=\"application\/ld+json\" class=\"yoast-schema-graph\">{\"@context\":\"https:\/\/schema.org\",\"@graph\":[{\"@type\":\"WebPage\",\"@id\":\"https:\/\/arequipment.com\/en\/assistance\/\",\"url\":\"https:\/\/arequipment.com\/en\/assistance\/\",\"name\":\"Assistance - AREquipment\",\"isPartOf\":{\"@id\":\"https:\/\/arequipment.com\/#website\"},\"datePublished\":\"2024-10-28T08:35:00+00:00\",\"dateModified\":\"2025-07-22T10:34:57+00:00\",\"description\":\"Are you looking for assistance, have questions or want to know more about our products? Get in touch with us!\",\"breadcrumb\":{\"@id\":\"https:\/\/arequipment.com\/en\/assistance\/#breadcrumb\"},\"inLanguage\":\"en-US\",\"potentialAction\":[{\"@type\":\"ReadAction\",\"target\":[\"https:\/\/arequipment.com\/en\/assistance\/\"]}]},{\"@type\":\"BreadcrumbList\",\"@id\":\"https:\/\/arequipment.com\/en\/assistance\/#breadcrumb\",\"itemListElement\":[{\"@type\":\"ListItem\",\"position\":1,\"name\":\"Home\",\"item\":\"https:\/\/arequipment.com\/en\/home\/\"},{\"@type\":\"ListItem\",\"position\":2,\"name\":\"Assistance\"}]},{\"@type\":\"WebSite\",\"@id\":\"https:\/\/arequipment.com\/#website\",\"url\":\"https:\/\/arequipment.com\/\",\"name\":\"AREquipment\",\"description\":\"\",\"potentialAction\":[{\"@type\":\"SearchAction\",\"target\":{\"@type\":\"EntryPoint\",\"urlTemplate\":\"https:\/\/arequipment.com\/?s={search_term_string}\"},\"query-input\":{\"@type\":\"PropertyValueSpecification\",\"valueRequired\":true,\"valueName\":\"search_term_string\"}}],\"inLanguage\":\"en-US\"}]}<\/script>\n<!-- \/ Yoast SEO plugin. -->","yoast_head_json":{"title":"Assistance - AREquipment","description":"Are you looking for assistance, have questions or want to know more about our products? Get in touch with us!","robots":{"index":"index","follow":"follow","max-snippet":"max-snippet:-1","max-image-preview":"max-image-preview:large","max-video-preview":"max-video-preview:-1"},"canonical":"https:\/\/arequipment.com\/en\/assistance\/","og_locale":"en_US","og_type":"article","og_title":"Assistance - AREquipment","og_description":"Are you looking for assistance, have questions or want to know more about our products? Get in touch with us!","og_url":"https:\/\/arequipment.com\/en\/assistance\/","og_site_name":"AREquipment","article_modified_time":"2025-07-22T10:34:57+00:00","twitter_card":"summary_large_image","schema":{"@context":"https:\/\/schema.org","@graph":[{"@type":"WebPage","@id":"https:\/\/arequipment.com\/en\/assistance\/","url":"https:\/\/arequipment.com\/en\/assistance\/","name":"Assistance - AREquipment","isPartOf":{"@id":"https:\/\/arequipment.com\/#website"},"datePublished":"2024-10-28T08:35:00+00:00","dateModified":"2025-07-22T10:34:57+00:00","description":"Are you looking for assistance, have questions or want to know more about our products? Get in touch with us!","breadcrumb":{"@id":"https:\/\/arequipment.com\/en\/assistance\/#breadcrumb"},"inLanguage":"en-US","potentialAction":[{"@type":"ReadAction","target":["https:\/\/arequipment.com\/en\/assistance\/"]}]},{"@type":"BreadcrumbList","@id":"https:\/\/arequipment.com\/en\/assistance\/#breadcrumb","itemListElement":[{"@type":"ListItem","position":1,"name":"Home","item":"https:\/\/arequipment.com\/en\/home\/"},{"@type":"ListItem","position":2,"name":"Assistance"}]},{"@type":"WebSite","@id":"https:\/\/arequipment.com\/#website","url":"https:\/\/arequipment.com\/","name":"AREquipment","description":"","potentialAction":[{"@type":"SearchAction","target":{"@type":"EntryPoint","urlTemplate":"https:\/\/arequipment.com\/?s={search_term_string}"},"query-input":{"@type":"PropertyValueSpecification","valueRequired":true,"valueName":"search_term_string"}}],"inLanguage":"en-US"}]}},"_links":{"self":[{"href":"https:\/\/arequipment.com\/en\/wp-json\/wp\/v2\/pages\/1122","targetHints":{"allow":["GET"]}}],"collection":[{"href":"https:\/\/arequipment.com\/en\/wp-json\/wp\/v2\/pages"}],"about":[{"href":"https:\/\/arequipment.com\/en\/wp-json\/wp\/v2\/types\/page"}],"author":[{"embeddable":true,"href":"https:\/\/arequipment.com\/en\/wp-json\/wp\/v2\/users\/1"}],"replies":[{"embeddable":true,"href":"https:\/\/arequipment.com\/en\/wp-json\/wp\/v2\/comments?post=1122"}],"version-history":[{"count":2,"href":"https:\/\/arequipment.com\/en\/wp-json\/wp\/v2\/pages\/1122\/revisions"}],"predecessor-version":[{"id":1230,"href":"https:\/\/arequipment.com\/en\/wp-json\/wp\/v2\/pages\/1122\/revisions\/1230"}],"wp:attachment":[{"href":"https:\/\/arequipment.com\/en\/wp-json\/wp\/v2\/media?parent=1122"}],"curies":[{"name":"wp","href":"https:\/\/api.w.org\/{rel}","templated":true}]}}