{"id":1116,"date":"2024-10-28T08:34:46","date_gmt":"2024-10-28T08:34:46","guid":{"rendered":"https:\/\/arequipment.com\/who-we-are\/"},"modified":"2025-07-22T11:38:51","modified_gmt":"2025-07-22T10:38:51","slug":"who-we-are","status":"publish","type":"page","link":"https:\/\/arequipment.com\/en\/who-we-are\/","title":{"rendered":"Who we are"},"content":{"rendered":"<section class=\"hero align wp-block-hero\">\n    <div class=\"hero-slider\">\n      <div class=\"swiper-wrapper hero-slider__wrapper\">\n                                            <div class=\"swiper-slide hero-slider__slide\" style=\"--slide-image: url(https:\/\/arequipment.com\/app\/uploads\/2024\/10\/aa.jpg)\">\n                <div class=\"slide-content\">\n                  <div class=\"container\">\n                    <div class=\"slide-content__wrapper\">\n                                              <div class=\"slide-content__heading\">\n                                                                                <img decoding=\"async\" \n                              src=\"https:\/\/arequipment.com\/app\/uploads\/2024\/10\/are-logo-white@2x.png\"\n                              alt=\"are-logo-white@2x\"\n                              class=\"heading__title-image\"\n                            >\n                                                                            <\/div>\n                                          <\/div>\n                  <\/div>\n                <\/div>\n                                  <div class=\"container relative\">\n                    <div class=\"slide-text\">\n                      <div class=\"slide-text__wrapper\">\n                        <p class=\"h3\">Quer saber mais informa\u00e7\u00f5es sobre n\u00f3s? Est\u00e1 no s\u00edtio certo!<\/p>\n                      <\/div>\n                    <\/div>\n                  <\/div>\n                              <\/div>\n                                    <\/div>\n      <div class=\"buttons-wrapper\">\n        <div class=\"container relative\">\n          <div class=\"buttons-container\">\n            <div class=\"swiper-button-next hero-slider__btn next\">\n              <svg width=\"16\" height=\"16\" viewBox=\"0 0 16 16\" fill=\"none\" xmlns=\"http:\/\/www.w3.org\/2000\/svg\">\n<path d=\"M3 6L7.64645 10.6464C7.84171 10.8417 8.15829 10.8417 8.35355 10.6464L13 6\" stroke=\"#2E2E2E\" stroke-width=\"2\" stroke-linecap=\"round\"\/>\n<\/svg>            <\/div>\n            <div class=\"swiper-button-prev hero-slider__btn prev\">\n              <svg width=\"16\" height=\"16\" viewBox=\"0 0 16 16\" fill=\"none\" xmlns=\"http:\/\/www.w3.org\/2000\/svg\">\n<path d=\"M3 6L7.64645 10.6464C7.84171 10.8417 8.15829 10.8417 8.35355 10.6464L13 6\" stroke=\"#2E2E2E\" stroke-width=\"2\" stroke-linecap=\"round\"\/>\n<\/svg>            <\/div>\n          <\/div>\n        <\/div>\n      <\/div>\n    <\/div>\n  <\/section>\n\n\n<section class=\"title-and-columns no-image  align wp-block-title-and-columns\">\n  <div class=\"title-and-columns__container\">\n    <div class=\"container\">\n      <div class=\"title-and-columns__wrapper\">\n                  <div class=\"title-and-columns__heading\">\n            <h2 class=\"h3\">Um projeto recente, sustentado por mais de 40 anos de experi\u00eancia!<\/h2>\n          <\/div>\n                          <div class=\"title-and-columns__columns-wrapper\">\n                          <div class=\"column column__subtitle wysiwyg-wrapper\">\n                <p>A AREquipment \u00e9 uma marca detida pela Auto Ribeiro, Lda. (AR).<\/p>\n<p>Desde o in\u00edcio da sua atividade em 1976, a AR tem-se dedicado ao fabrico de macas, estrados, charriots, rampas de acesso para cadeiras de rodas e patins el\u00e9tricos, desenvolvidos especificamente para integra\u00e7\u00e3o nas transforma\u00e7\u00f5es realizadas pela empresa.<\/p>\n\n              <\/div>\n                                      <div class=\"column column__content wysiwyg-wrapper\">\n                <p>Com o arranque da produ\u00e7\u00e3o de ambul\u00e2ncias, motivado pelas exig\u00eancias crescentes do mercado, o fundador da empresa, Ant\u00f3nio Ribeiro, assumiu um papel ativo no contacto direto com os profissionais de sa\u00fade. Nos fins de semana, deslocava-se \u00e0s urg\u00eancias hospitalares para compreender, de forma aprofundada, as reais necessidades no transporte de pacientes desde o ve\u00edculo at\u00e9 \u00e0s unidades de presta\u00e7\u00e3o de cuidados.<\/p>\n<p>Com base nesta experi\u00eancia de proximidade, a AR desenvolveu um produto totalmente alinhado com as exig\u00eancias do mercado, tornando-se o \u00fanico transformador, a n\u00edvel mundial, a produzir internamente as suas pr\u00f3prias macas para incorpora\u00e7\u00e3o nas viaturas transformadas.<\/p>\n<p>Ap\u00f3s consolidar a sua posi\u00e7\u00e3o no mercado portugu\u00eas, v\u00e1rios fabricantes de macas abordaram a AR com o intuito de a dissuadir de manter o projeto pr\u00f3prio, oferecendo-se para fornecer os seus produtos a pre\u00e7os equivalentes aos custos internos da empresa. Contudo, tal estrat\u00e9gia nunca foi considerada alinhada com a vis\u00e3o e os valores da AR.<\/p>\n\n              <\/div>\n                      <\/div>\n              <\/div>\n    <\/div>\n  <\/div>\n  <\/section>\n\n\n<div class=\"video-player-block align wp-block-video-player\">\n    <div class=\"container\">\n      <div class=\"video__wrapper\">\n                <div class=\"plyr__video-embed js-player\">\n          <iframe\n            src=\"https:\/\/www.youtube.com\/embed\/ABQDc3i4-P8\"\n            allowfullscreen\n            allowtransparency\n            allow=\"autoplay\"\n          ><\/iframe>\n        <\/div>\n      <\/div>\n    <\/div>\n  <\/div>\n\n\n<section class=\"title-and-columns no-image  align wp-block-title-and-columns\">\n  <div class=\"title-and-columns__container\">\n    <div class=\"container\">\n      <div class=\"title-and-columns__wrapper\">\n                          <div class=\"title-and-columns__columns-wrapper\">\n                          <div class=\"column column__subtitle wysiwyg-wrapper\">\n                <p>No final de 2008, o maior fabricante de macas do setor voltou a contactar o fundador Ant\u00f3nio Ribeiro, n\u00e3o com a inten\u00e7\u00e3o de vender os seus produtos, mas para propor o desenvolvimento conjunto de uma nova maca a integrar no respetivo portef\u00f3lio.<\/p>\n<p>Este convite surgiu num contexto particularmente desafiante, marcado pela crise financeira internacional e pelas medidas resultantes das diretivas da Troika, que afetaram de forma significativa o or\u00e7amento do Minist\u00e9rio da Administra\u00e7\u00e3o Interna e, por conseguinte, os investimentos na \u00e1rea da prote\u00e7\u00e3o civil. Simultaneamente, registou-se uma acentuada retra\u00e7\u00e3o do mercado de ve\u00edculos comerciais ligeiros at\u00e9 3500 kg, segmento no qual a AR se insere.<\/p>\n\n              <\/div>\n                                  <\/div>\n              <\/div>\n    <\/div>\n  <\/div>\n  <\/section>\n\n\n<section class=\"two-columns-with-image image-left align wp-block-two-columns-with-image\">\n      <div class=\"two-columns-with-image__heading\">\n      <div class=\"container\">\n        <div class=\"heading-wrapper\">\n          <h2 class=\"h1\">Expans\u00e3o sustentada e afirma\u00e7\u00e3o no mercado global<\/h2>\n        <\/div>\n      <\/div>\n    <\/div>\n        <div class=\"two-columns-with-image__content\">\n      <div class=\"container\">\n        <div class=\"columns-wrapper\">\n          <div class=\"column\">\n            <img decoding=\"async\" class=\"\" src=\"https:\/\/arequipment.com\/app\/uploads\/2024\/10\/Auto-Ribeiro-20161041.jpg\" alt=\"Auto-Ribeiro-20161041\">          <\/div>\n          <div class=\"column\">\n            <div class=\"wysiwyg-wrapper\">\n              <p>Este cen\u00e1rio de incerteza obrigou a empresa a reavaliar a sua estrat\u00e9gia de atua\u00e7\u00e3o. Assim, no in\u00edcio de 2012, foi criada a AREquipment, resultado da constata\u00e7\u00e3o de que nenhum fabricante de macas entendia plenamente as necessidades espec\u00edficas de um construtor de ambul\u00e2ncias. Al\u00e9m disso, identificou-se uma oportunidade estrat\u00e9gica para o desenvolvimento e comercializa\u00e7\u00e3o deste produto no mercado.<\/p>\n<p>A aceita\u00e7\u00e3o foi imediata: de uma estimativa inicial de produ\u00e7\u00e3o de cerca de 1000 macas por ano, a AREquipment passou a fabricar atualmente cerca de 6000 unidades anuais.<\/p>\n\n            <\/div>\n          <\/div>\n        <\/div>\n      <\/div>\n    <\/div>\n  <\/section>\n\n\n<section class=\"two-columns-with-image image-right align wp-block-two-columns-with-image\">\n      <div class=\"two-columns-with-image__heading\">\n      <div class=\"container\">\n        <div class=\"heading-wrapper\">\n          <h2 class=\"h1\">O que nos torna \u00fanicos \u00e9 que pensamos primeiro nas pessoas<\/h2>\n        <\/div>\n      <\/div>\n    <\/div>\n        <div class=\"two-columns-with-image__content\">\n      <div class=\"container\">\n        <div class=\"columns-wrapper\">\n          <div class=\"column\">\n            <img decoding=\"async\" class=\"\" src=\"https:\/\/arequipment.com\/app\/uploads\/2024\/10\/1.jpg\" alt=\"1\">          <\/div>\n          <div class=\"column\">\n            <div class=\"wysiwyg-wrapper\">\n              <p>A principal diferencia\u00e7\u00e3o da nossa marca reside no foco nas pessoas antes do produto, priorizando a conce\u00e7\u00e3o de equipamentos funcionais, robustos e de f\u00e1cil utiliza\u00e7\u00e3o. Esta abordagem permitiu-nos desenvolver solu\u00e7\u00f5es amplamente reconhecidas pela sua durabilidade, fiabilidade e pelo reduzido n\u00famero de incidentes em p\u00f3s-venda.<\/p>\n\n            <\/div>\n          <\/div>\n        <\/div>\n      <\/div>\n    <\/div>\n  <\/section>\n\n\n<section class=\"title-and-columns no-image  align wp-block-title-and-columns\">\n  <div class=\"title-and-columns__container\">\n    <div class=\"container\">\n      <div class=\"title-and-columns__wrapper\">\n                  <div class=\"title-and-columns__heading\">\n            <h2 class=\"h3\">Estrat\u00e9gia e vis\u00e3o para o futuro<\/h2>\n          <\/div>\n                          <div class=\"title-and-columns__columns-wrapper\">\n                          <div class=\"column column__subtitle wysiwyg-wrapper\">\n                <p>O Departamento de Estudos e Projetos (DEP) caracteriza-se pela sua forte din\u00e2mica e proatividade, assegurando que a AREquipment se mant\u00e9m permanentemente na vanguarda do setor. Este compromisso traduz-se no lan\u00e7amento regular de novos produtos, na constante melhoria de equipamentos existentes e no desenvolvimento de solu\u00e7\u00f5es inovadoras.<\/p>\n\n              <\/div>\n                                  <\/div>\n              <\/div>\n    <\/div>\n  <\/div>\n  <\/section>\n","protected":false},"excerpt":{"rendered":"","protected":false},"author":1,"featured_media":0,"parent":0,"menu_order":0,"comment_status":"closed","ping_status":"closed","template":"","meta":{"_acf_changed":false,"footnotes":""},"class_list":["post-1116","page","type-page","status-publish","hentry"],"acf":[],"yoast_head":"<!-- This site is optimized with the Yoast SEO plugin v25.5 - https:\/\/yoast.com\/wordpress\/plugins\/seo\/ -->\n<title>Who we are - AREquipment<\/title>\n<meta name=\"description\" content=\"Want to know more about us? You&#039;re in the right place!\" \/>\n<meta name=\"robots\" content=\"index, follow, max-snippet:-1, max-image-preview:large, max-video-preview:-1\" \/>\n<link rel=\"canonical\" href=\"https:\/\/arequipment.com\/en\/who-we-are\/\" \/>\n<meta property=\"og:locale\" content=\"en_US\" \/>\n<meta property=\"og:type\" content=\"article\" \/>\n<meta property=\"og:title\" content=\"Who we are - AREquipment\" \/>\n<meta property=\"og:description\" content=\"Want to know more about us? You&#039;re in the right place!\" \/>\n<meta property=\"og:url\" content=\"https:\/\/arequipment.com\/en\/who-we-are\/\" \/>\n<meta property=\"og:site_name\" content=\"AREquipment\" \/>\n<meta property=\"article:modified_time\" content=\"2025-07-22T10:38:51+00:00\" \/>\n<meta name=\"twitter:card\" content=\"summary_large_image\" \/>\n<script type=\"application\/ld+json\" class=\"yoast-schema-graph\">{\"@context\":\"https:\/\/schema.org\",\"@graph\":[{\"@type\":\"WebPage\",\"@id\":\"https:\/\/arequipment.com\/en\/who-we-are\/\",\"url\":\"https:\/\/arequipment.com\/en\/who-we-are\/\",\"name\":\"Who we are - AREquipment\",\"isPartOf\":{\"@id\":\"https:\/\/arequipment.com\/#website\"},\"datePublished\":\"2024-10-28T08:34:46+00:00\",\"dateModified\":\"2025-07-22T10:38:51+00:00\",\"description\":\"Want to know more about us? You're in the right place!\",\"breadcrumb\":{\"@id\":\"https:\/\/arequipment.com\/en\/who-we-are\/#breadcrumb\"},\"inLanguage\":\"en-US\",\"potentialAction\":[{\"@type\":\"ReadAction\",\"target\":[\"https:\/\/arequipment.com\/en\/who-we-are\/\"]}]},{\"@type\":\"BreadcrumbList\",\"@id\":\"https:\/\/arequipment.com\/en\/who-we-are\/#breadcrumb\",\"itemListElement\":[{\"@type\":\"ListItem\",\"position\":1,\"name\":\"Home\",\"item\":\"https:\/\/arequipment.com\/en\/home\/\"},{\"@type\":\"ListItem\",\"position\":2,\"name\":\"Who we are\"}]},{\"@type\":\"WebSite\",\"@id\":\"https:\/\/arequipment.com\/#website\",\"url\":\"https:\/\/arequipment.com\/\",\"name\":\"AREquipment\",\"description\":\"\",\"potentialAction\":[{\"@type\":\"SearchAction\",\"target\":{\"@type\":\"EntryPoint\",\"urlTemplate\":\"https:\/\/arequipment.com\/?s={search_term_string}\"},\"query-input\":{\"@type\":\"PropertyValueSpecification\",\"valueRequired\":true,\"valueName\":\"search_term_string\"}}],\"inLanguage\":\"en-US\"}]}<\/script>\n<!-- \/ Yoast SEO plugin. -->","yoast_head_json":{"title":"Who we are - AREquipment","description":"Want to know more about us? You're in the right place!","robots":{"index":"index","follow":"follow","max-snippet":"max-snippet:-1","max-image-preview":"max-image-preview:large","max-video-preview":"max-video-preview:-1"},"canonical":"https:\/\/arequipment.com\/en\/who-we-are\/","og_locale":"en_US","og_type":"article","og_title":"Who we are - AREquipment","og_description":"Want to know more about us? You're in the right place!","og_url":"https:\/\/arequipment.com\/en\/who-we-are\/","og_site_name":"AREquipment","article_modified_time":"2025-07-22T10:38:51+00:00","twitter_card":"summary_large_image","schema":{"@context":"https:\/\/schema.org","@graph":[{"@type":"WebPage","@id":"https:\/\/arequipment.com\/en\/who-we-are\/","url":"https:\/\/arequipment.com\/en\/who-we-are\/","name":"Who we are - AREquipment","isPartOf":{"@id":"https:\/\/arequipment.com\/#website"},"datePublished":"2024-10-28T08:34:46+00:00","dateModified":"2025-07-22T10:38:51+00:00","description":"Want to know more about us? You're in the right place!","breadcrumb":{"@id":"https:\/\/arequipment.com\/en\/who-we-are\/#breadcrumb"},"inLanguage":"en-US","potentialAction":[{"@type":"ReadAction","target":["https:\/\/arequipment.com\/en\/who-we-are\/"]}]},{"@type":"BreadcrumbList","@id":"https:\/\/arequipment.com\/en\/who-we-are\/#breadcrumb","itemListElement":[{"@type":"ListItem","position":1,"name":"Home","item":"https:\/\/arequipment.com\/en\/home\/"},{"@type":"ListItem","position":2,"name":"Who we are"}]},{"@type":"WebSite","@id":"https:\/\/arequipment.com\/#website","url":"https:\/\/arequipment.com\/","name":"AREquipment","description":"","potentialAction":[{"@type":"SearchAction","target":{"@type":"EntryPoint","urlTemplate":"https:\/\/arequipment.com\/?s={search_term_string}"},"query-input":{"@type":"PropertyValueSpecification","valueRequired":true,"valueName":"search_term_string"}}],"inLanguage":"en-US"}]}},"_links":{"self":[{"href":"https:\/\/arequipment.com\/en\/wp-json\/wp\/v2\/pages\/1116","targetHints":{"allow":["GET"]}}],"collection":[{"href":"https:\/\/arequipment.com\/en\/wp-json\/wp\/v2\/pages"}],"about":[{"href":"https:\/\/arequipment.com\/en\/wp-json\/wp\/v2\/types\/page"}],"author":[{"embeddable":true,"href":"https:\/\/arequipment.com\/en\/wp-json\/wp\/v2\/users\/1"}],"replies":[{"embeddable":true,"href":"https:\/\/arequipment.com\/en\/wp-json\/wp\/v2\/comments?post=1116"}],"version-history":[{"count":1,"href":"https:\/\/arequipment.com\/en\/wp-json\/wp\/v2\/pages\/1116\/revisions"}],"predecessor-version":[{"id":1234,"href":"https:\/\/arequipment.com\/en\/wp-json\/wp\/v2\/pages\/1116\/revisions\/1234"}],"wp:attachment":[{"href":"https:\/\/arequipment.com\/en\/wp-json\/wp\/v2\/media?parent=1116"}],"curies":[{"name":"wp","href":"https:\/\/api.w.org\/{rel}","templated":true}]}}